{"id":1648,"date":"2024-11-30T13:59:02","date_gmt":"2024-11-30T13:59:02","guid":{"rendered":"https:\/\/claro-kabinet.hr\/PROBA\/?page_id=1648"},"modified":"2024-12-11T09:57:05","modified_gmt":"2024-12-11T09:57:05","slug":"odredbe-i-uvjeti","status":"publish","type":"page","link":"https:\/\/claro-kabinet.hr\/PROBA\/odredbe-i-uvjeti\/","title":{"rendered":"Odredbe i uvjeti"},"content":{"rendered":"<p><strong>OP\u0106A PRAVILA POSLOVANJA<\/strong><\/p>\n<p>Sa svakim djetetom\/osobom, odnosno njegovim roditeljem ili skrbnikom terapeut dogovara plan dolazaka na terapiju. Izostanak s dogovorenog termina mogu\u0107 je <strong>isklju\u010divo<\/strong> u slu\u010daju opravdanog razloga (bolest, neodgodive obiteljske obaveze&#8230;) te u tom slu\u010daju terapijski sat ne\u0107e biti napla\u0107en. U slu\u010daju opravdanog izostanka s terapije, osoba, roditelj ili skrbnik du\u017ean je o tome obavijestiti terapeuta najkasnije 6 sati prije samog termina terapije odnosno odmah nakon \u0161to postane jasno da dijete\/osoba zbog bolesti ne\u0107e biti u mogu\u0107nosti prisustvovati terapiji kako bismo i mi<\/p>\n<p>mogli u\u010dinkovito organizirati na\u0161e poslovanje i pru\u017eiti priliku i onima koji \u010dekaju termin. Neopravdano propu\u0161tanje termina (ako se dijete\/osoba ne pojavi na terapiji i ako o tome uop\u0107e ne obavijesti svog terapeuta) <strong>napla\u0107uje se punom cijenom <\/strong>terapijskog sata. Neopravdano propu\u0161tanje termina 2 puta u kontinuitetu odnosno 3 puta u diskontinuitetu u tijeku jednog mjeseca, daje pravo logopedskom kabinetu \u201cClaro\u201d da jednostrano otka\u017ee pru\u017eanje usluga djetetu\/osobi. Ukoliko klijent ne do\u0111e na vrijeme na dogovoreni termin, zadr\u017eavamo pravo neprodu\u017eavanja termina radi unaprijed utvr\u0111enog rasporeda.<\/p>\n<p>Razlozi za postavljanje pravila po\u0161tivanja dogovorenih i odobrenih termina, le\u017ei u iskustvenoj \u010dinjenici da dijete\/osoba ne mo\u017ee adekvatno napredovati u radu s terapeutom ukoliko svoju dogovorenu terapiju obavlja diskontinuirano i s vremenskim razmacima protivnim pravilima struke. Diskontinuirano poha\u0111anje terapije, odnosno neopravdani izostanci (sve osim bolesti) pokazuju da osoba, djetetovi roditelji ili skrbnici nedovoljno ozbiljno tretiraju svoje ili djetetove pote\u0161ko\u0107e. Diskontinuirano poha\u0111anje terapije smanjuje rezultate logopedskog rada te produ\u017eava trajanje terapije.<\/p>\n<p>Unaprijed zahvaljujemo na ukazanom povjerenju i prihva\u0107anju op\u0107ih uvjeta poslovanja.<\/p>\n<p><strong>PRAVILA PONA\u0160ANJA U KABINETU<\/strong><\/p>\n<p>Dolazak na zakazani termin terapijskog sata za dijete\/osobu obavezan je 5 minuta prije zakazanog termina. Nakon zavr\u0161etka terapijskog sata, dijete\/osoba te roditelj ili pratitelj du\u017eni su napustiti prostorije kabineta. Zadr\u017eavanje u prostorijama kabineta nakon odra\u0111enog terapijskog sata nije dozvoljeno. Pet minuta prije zavr\u0161etka terapijskog sata, roditelj \u0107e dobiti informacije o sljede\u0107em terapijskom terminu te vje\u017ebama koje \u0107e provoditi kod ku\u0107e. Zabranjeno je telefoniranje unutar prostorija kabineta.<\/p>\n<p>Rad s djecom\/osobama koji imaju neki od oblika komunikacijskih, jezi\u010dno, govornih poreme\u0107aja tra\u017ei mir, ti\u0161inu i potpunu usredoto\u010denost kako djeteta\/osobe tako i terapeuta. Zadr\u017eavanje osoba u prostorijama kabineta mo\u017ee i pored toga \u0161to \u0107e osoba \u201ebiti tiho\u201c smanjiti koncentraciju djeteta\/osobe i odvu\u0107i mu pa\u017enju te ga eventualno i posebno opteretiti (posebno kod djece), a kod nekih mo\u017eda naru\u0161iti i tra\u017eenu privatnost kod provo\u0111enja terapije.<\/p>\n","protected":false},"excerpt":{"rendered":"<p>OP\u0106A PRAVILA POSLOVANJA Sa svakim djetetom\/osobom, odnosno njegovim roditeljem ili skrbnikom terapeut dogovara plan dolazaka na terapiju. Izostanak s dogovorenog termina mogu\u0107 je isklju\u010divo u slu\u010daju opravdanog razloga (bolest, neodgodive obiteljske obaveze&#8230;) te u tom slu\u010daju terapijski sat ne\u0107e biti napla\u0107en. U slu\u010daju opravdanog izostanka s terapije, osoba, roditelj ili skrbnik du\u017ean je o tome<\/p>\n","protected":false},"author":1,"featured_media":0,"parent":0,"menu_order":0,"comment_status":"closed","ping_status":"closed","template":"","meta":{"footnotes":""},"class_list":["post-1648","page","type-page","status-publish","hentry"],"_links":{"self":[{"href":"https:\/\/claro-kabinet.hr\/PROBA\/wp-json\/wp\/v2\/pages\/1648","targetHints":{"allow":["GET"]}}],"collection":[{"href":"https:\/\/claro-kabinet.hr\/PROBA\/wp-json\/wp\/v2\/pages"}],"about":[{"href":"https:\/\/claro-kabinet.hr\/PROBA\/wp-json\/wp\/v2\/types\/page"}],"author":[{"embeddable":true,"href":"https:\/\/claro-kabinet.hr\/PROBA\/wp-json\/wp\/v2\/users\/1"}],"replies":[{"embeddable":true,"href":"https:\/\/claro-kabinet.hr\/PROBA\/wp-json\/wp\/v2\/comments?post=1648"}],"version-history":[{"count":3,"href":"https:\/\/claro-kabinet.hr\/PROBA\/wp-json\/wp\/v2\/pages\/1648\/revisions"}],"predecessor-version":[{"id":1810,"href":"https:\/\/claro-kabinet.hr\/PROBA\/wp-json\/wp\/v2\/pages\/1648\/revisions\/1810"}],"wp:attachment":[{"href":"https:\/\/claro-kabinet.hr\/PROBA\/wp-json\/wp\/v2\/media?parent=1648"}],"curies":[{"name":"wp","href":"https:\/\/api.w.org\/{rel}","templated":true}]}}