{"id":1419,"date":"2024-05-20T07:50:59","date_gmt":"2024-05-20T07:50:59","guid":{"rendered":"https:\/\/gramentheme.com\/wp\/kidsa\/?page_id=1419"},"modified":"2024-11-30T19:32:32","modified_gmt":"2024-11-30T19:32:32","slug":"usluge","status":"publish","type":"page","link":"https:\/\/claro-kabinet.hr\/PROBA\/usluge\/","title":{"rendered":"Usluge"},"content":{"rendered":"\t\t<div data-elementor-type=\"wp-page\" data-elementor-id=\"1419\" class=\"elementor elementor-1419\">\n\t\t\t\t<div class=\"elementor-element elementor-element-6c72e90 e-flex e-con-boxed e-con e-parent\" data-id=\"6c72e90\" data-element_type=\"container\" data-settings=\"{&quot;background_background&quot;:&quot;classic&quot;}\">\n\t\t\t\t\t<div class=\"e-con-inner\">\n\t\t\t\t<div class=\"elementor-element elementor-element-ddc7b7c elementor-absolute float-bob-x elementor-hidden-tablet elementor-hidden-mobile elementor-widget elementor-widget-image\" data-id=\"ddc7b7c\" data-element_type=\"widget\" data-settings=\"{&quot;_position&quot;:&quot;absolute&quot;}\" data-widget_type=\"image.default\">\n\t\t\t\t<div class=\"elementor-widget-container\">\n\t\t\t\t\t\t\t\t\t\t\t\t\t<img decoding=\"async\" width=\"36\" height=\"36\" src=\"https:\/\/claro-kabinet.hr\/PROBA\/wp-content\/uploads\/2024\/05\/star-2.png\" class=\"attachment-large size-large wp-image-197\" alt=\"\" \/>\t\t\t\t\t\t\t\t\t\t\t\t\t<\/div>\n\t\t\t\t<\/div>\n\t\t<div class=\"elementor-element elementor-element-78406be e-con-full e-flex e-con e-child\" data-id=\"78406be\" data-element_type=\"container\">\n\t\t\t\t<div class=\"elementor-element elementor-element-d94f64f elementor-widget elementor-widget-image\" data-id=\"d94f64f\" data-element_type=\"widget\" data-widget_type=\"image.default\">\n\t\t\t\t<div class=\"elementor-widget-container\">\n\t\t\t\t\t\t\t\t\t\t\t\t\t<img fetchpriority=\"high\" decoding=\"async\" width=\"668\" height=\"584\" src=\"https:\/\/claro-kabinet.hr\/PROBA\/wp-content\/uploads\/2024\/11\/usluga1.png\" class=\"attachment-large size-large wp-image-1738\" alt=\"\" srcset=\"https:\/\/claro-kabinet.hr\/PROBA\/wp-content\/uploads\/2024\/11\/usluga1.png 668w, https:\/\/claro-kabinet.hr\/PROBA\/wp-content\/uploads\/2024\/11\/usluga1-300x262.png 300w\" sizes=\"(max-width: 668px) 100vw, 668px\" \/>\t\t\t\t\t\t\t\t\t\t\t\t\t<\/div>\n\t\t\t\t<\/div>\n\t\t\t\t<\/div>\n\t\t<div class=\"elementor-element elementor-element-3c506d3 e-con-full e-flex e-con e-child\" data-id=\"3c506d3\" data-element_type=\"container\">\n\t\t\t\t<div class=\"elementor-element elementor-element-a228806 elementor-widget elementor-widget-heading\" data-id=\"a228806\" data-element_type=\"widget\" data-widget_type=\"heading.default\">\n\t\t\t\t<div class=\"elementor-widget-container\">\n\t\t\t<h2 class=\"elementor-heading-title elementor-size-default\">Logopedska procjena<\/h2>\t\t<\/div>\n\t\t\t\t<\/div>\n\t\t\t\t<div class=\"elementor-element elementor-element-4d10dc8 elementor-widget elementor-widget-text-editor\" data-id=\"4d10dc8\" data-element_type=\"widget\" data-widget_type=\"text-editor.default\">\n\t\t\t\t<div class=\"elementor-widget-container\">\n\t\t\t\t\t\t\t<p>Logopedska procjena provodi se u trajanju od 60-120 minuta, ovisno o djetetovim te\u0161ko\u0107ama. Tijekom procjene logoped uzima anamnesti\u010dke podatke o djetetu te se provode standardizirani testovi i neformalni dijagnosti\u010dki materijali. Nakon provedene procjene roditelj dobiva pisani nalaz uz savjetovanje o eventualnom uklju\u010divanju u logopedsku terapiju te savjete za rad kod ku\u0107e. Procjena mo\u017ee uklju\u010divati intervju, upitnike, standardizirane testove te opservaciju.<\/p><p>Standardizirani testovi koji se koriste:<\/p><p style=\"padding-left: 40px;\">&#8211; Test razumijevanja gramatike (TROG-2:HR)<\/p><p style=\"padding-left: 40px;\">&#8211; Peabody slikovni test rje\u010dnika (PPVT-III-HR)<\/p><p style=\"padding-left: 40px;\">&#8211; Nove Reynell razvojne jezi\u010dne ljestvice (NRDLS-HR)<\/p><p style=\"padding-left: 40px;\">&#8211; Test za procjenjivanje predvje\u0161tina \u010ditanja i pisanja (Pred\u010ciP)<\/p><p style=\"padding-left: 40px;\">&#8211; Elektroni\u010dki probirni test jezi\u010dnih sposobnosti (e-Potjeh)<\/p><p style=\"padding-left: 40px;\">&#8211; Komunikacijske razvojne ljestvice (KORALJE)<\/p>\t\t\t\t\t\t<\/div>\n\t\t\t\t<\/div>\n\t\t\t\t<div class=\"elementor-element elementor-element-c40e766 elementor-hidden-tablet elementor-hidden-mobile elementor-widget-divider--view-line elementor-widget elementor-widget-divider\" data-id=\"c40e766\" data-element_type=\"widget\" data-widget_type=\"divider.default\">\n\t\t\t\t<div class=\"elementor-widget-container\">\n\t\t\t\t\t<div class=\"elementor-divider\">\n\t\t\t<span class=\"elementor-divider-separator\">\n\t\t\t\t\t\t<\/span>\n\t\t<\/div>\n\t\t\t\t<\/div>\n\t\t\t\t<\/div>\n\t\t\t\t<div class=\"elementor-element elementor-element-2aecdfa elementor-widget elementor-widget-heading\" data-id=\"2aecdfa\" data-element_type=\"widget\" data-widget_type=\"heading.default\">\n\t\t\t\t<div class=\"elementor-widget-container\">\n\t\t\t<span class=\"elementor-heading-title elementor-size-default\">Cijena usluge - 80\u20ac<\/span>\t\t<\/div>\n\t\t\t\t<\/div>\n\t\t\t\t<\/div>\n\t\t\t\t\t<\/div>\n\t\t\t\t<\/div>\n\t\t<div class=\"elementor-element elementor-element-ddee14b e-flex e-con-boxed e-con e-parent\" data-id=\"ddee14b\" data-element_type=\"container\" data-settings=\"{&quot;background_background&quot;:&quot;classic&quot;}\">\n\t\t\t\t\t<div class=\"e-con-inner\">\n\t\t\t\t<div class=\"elementor-element elementor-element-ef92142 elementor-absolute float-bob-y elementor-hidden-tablet elementor-hidden-mobile elementor-widget elementor-widget-image\" data-id=\"ef92142\" data-element_type=\"widget\" data-settings=\"{&quot;_position&quot;:&quot;absolute&quot;}\" data-widget_type=\"image.default\">\n\t\t\t\t<div class=\"elementor-widget-container\">\n\t\t\t\t\t\t\t\t\t\t\t\t\t<img decoding=\"async\" width=\"236\" height=\"376\" src=\"https:\/\/claro-kabinet.hr\/PROBA\/wp-content\/uploads\/2024\/05\/zebra.png\" class=\"attachment-medium_large size-medium_large wp-image-92\" alt=\"\" srcset=\"https:\/\/claro-kabinet.hr\/PROBA\/wp-content\/uploads\/2024\/05\/zebra.png 236w, https:\/\/claro-kabinet.hr\/PROBA\/wp-content\/uploads\/2024\/05\/zebra-188x300.png 188w\" sizes=\"(max-width: 236px) 100vw, 236px\" \/>\t\t\t\t\t\t\t\t\t\t\t\t\t<\/div>\n\t\t\t\t<\/div>\n\t\t\t\t<div class=\"elementor-element elementor-element-9ec3ad5 elementor-absolute float-bob-x elementor-hidden-tablet elementor-hidden-mobile elementor-widget elementor-widget-image\" data-id=\"9ec3ad5\" data-element_type=\"widget\" data-settings=\"{&quot;_position&quot;:&quot;absolute&quot;}\" data-widget_type=\"image.default\">\n\t\t\t\t<div class=\"elementor-widget-container\">\n\t\t\t\t\t\t\t\t\t\t\t\t\t<img loading=\"lazy\" decoding=\"async\" width=\"107\" height=\"107\" src=\"https:\/\/claro-kabinet.hr\/PROBA\/wp-content\/uploads\/2024\/11\/ikona.png\" class=\"attachment-large size-large wp-image-1583\" alt=\"\" \/>\t\t\t\t\t\t\t\t\t\t\t\t\t<\/div>\n\t\t\t\t<\/div>\n\t\t<div class=\"elementor-element elementor-element-6f8cbc3 e-con-full e-flex e-con e-child\" data-id=\"6f8cbc3\" data-element_type=\"container\">\n\t\t\t\t<div class=\"elementor-element elementor-element-491d817 elementor-widget elementor-widget-image\" data-id=\"491d817\" data-element_type=\"widget\" data-widget_type=\"image.default\">\n\t\t\t\t<div class=\"elementor-widget-container\">\n\t\t\t\t\t\t\t\t\t\t\t\t\t<img loading=\"lazy\" decoding=\"async\" width=\"668\" height=\"584\" src=\"https:\/\/claro-kabinet.hr\/PROBA\/wp-content\/uploads\/2024\/11\/usluga2.png\" class=\"attachment-large size-large wp-image-1739\" alt=\"\" srcset=\"https:\/\/claro-kabinet.hr\/PROBA\/wp-content\/uploads\/2024\/11\/usluga2.png 668w, https:\/\/claro-kabinet.hr\/PROBA\/wp-content\/uploads\/2024\/11\/usluga2-300x262.png 300w\" sizes=\"(max-width: 668px) 100vw, 668px\" \/>\t\t\t\t\t\t\t\t\t\t\t\t\t<\/div>\n\t\t\t\t<\/div>\n\t\t\t\t<\/div>\n\t\t<div class=\"elementor-element elementor-element-75320ea e-con-full e-flex e-con e-child\" data-id=\"75320ea\" data-element_type=\"container\">\n\t\t\t\t<div class=\"elementor-element elementor-element-1e8bd5f elementor-widget elementor-widget-heading\" data-id=\"1e8bd5f\" data-element_type=\"widget\" data-widget_type=\"heading.default\">\n\t\t\t\t<div class=\"elementor-widget-container\">\n\t\t\t<h2 class=\"elementor-heading-title elementor-size-default\">Logopedska terapija<\/h2>\t\t<\/div>\n\t\t\t\t<\/div>\n\t\t\t\t<div class=\"elementor-element elementor-element-da5a1dc elementor-widget elementor-widget-text-editor\" data-id=\"da5a1dc\" data-element_type=\"widget\" data-widget_type=\"text-editor.default\">\n\t\t\t\t<div class=\"elementor-widget-container\">\n\t\t\t\t\t\t\t<p>Logopedska terapija provodi se u novo opremljenom kabinetu u trajanju od 45 minuta<\/p><p>(40 minuta direktnog rada + 5 min prijenos informacija roditeljima).<\/p><p>Ona obuhva\u0107a rad s:<\/p><p style=\"padding-left: 40px;\">&#8211; djecom s artikulacijskim te\u0161ko\u0107ama<\/p><p style=\"padding-left: 40px;\">&#8211; djecom s te\u0161ko\u0107ama u razumijevanju i\/ili proizvodnji jezika<\/p><p style=\"padding-left: 40px;\">&#8211; djecom s te\u0161ko\u0107ama \u010ditanja, pisanja i ra\u010dunanja<\/p><p style=\"padding-left: 40px;\">&#8211; djecom s ka\u0161njenjem u govorno-jezi\u010dnom razvoju<\/p><p style=\"padding-left: 40px;\">&#8211; djecom i odraslima s motori\u010dkim govornim poreme\u0107ajima<\/p><p style=\"padding-left: 40px;\">&#8211; djecom sa socijalnim (pragmati\u010dnim) poreme\u0107ajem<\/p><p style=\"padding-left: 40px;\">&#8211; djecom s poreme\u0107ajem iz spektra autizma<\/p><p style=\"padding-left: 40px;\">&#8211; odraslim osobama s afazijom<\/p>\t\t\t\t\t\t<\/div>\n\t\t\t\t<\/div>\n\t\t\t\t<div class=\"elementor-element elementor-element-9994c2b elementor-hidden-tablet elementor-hidden-mobile elementor-widget-divider--view-line elementor-widget elementor-widget-divider\" data-id=\"9994c2b\" data-element_type=\"widget\" data-widget_type=\"divider.default\">\n\t\t\t\t<div class=\"elementor-widget-container\">\n\t\t\t\t\t<div class=\"elementor-divider\">\n\t\t\t<span class=\"elementor-divider-separator\">\n\t\t\t\t\t\t<\/span>\n\t\t<\/div>\n\t\t\t\t<\/div>\n\t\t\t\t<\/div>\n\t\t\t\t<div class=\"elementor-element elementor-element-a74a13c elementor-widget elementor-widget-heading\" data-id=\"a74a13c\" data-element_type=\"widget\" data-widget_type=\"heading.default\">\n\t\t\t\t<div class=\"elementor-widget-container\">\n\t\t\t<span class=\"elementor-heading-title elementor-size-default\">Cijena usluge - 35\u20ac<\/span>\t\t<\/div>\n\t\t\t\t<\/div>\n\t\t\t\t<\/div>\n\t\t\t\t\t<\/div>\n\t\t\t\t<\/div>\n\t\t<div class=\"elementor-element elementor-element-71a9d35 e-flex e-con-boxed e-con e-parent\" data-id=\"71a9d35\" data-element_type=\"container\" data-settings=\"{&quot;background_background&quot;:&quot;classic&quot;}\">\n\t\t\t\t\t<div class=\"e-con-inner\">\n\t\t\t\t<div class=\"elementor-element elementor-element-bdb33e7 elementor-absolute float-bob-y elementor-hidden-tablet elementor-hidden-mobile elementor-widget elementor-widget-image\" data-id=\"bdb33e7\" data-element_type=\"widget\" data-settings=\"{&quot;_position&quot;:&quot;absolute&quot;}\" data-widget_type=\"image.default\">\n\t\t\t\t<div class=\"elementor-widget-container\">\n\t\t\t\t\t\t\t\t\t\t\t\t\t<img loading=\"lazy\" decoding=\"async\" width=\"68\" height=\"94\" src=\"https:\/\/claro-kabinet.hr\/PROBA\/wp-content\/uploads\/2024\/05\/parasuit-3.png\" class=\"attachment-large size-large wp-image-188\" alt=\"\" \/>\t\t\t\t\t\t\t\t\t\t\t\t\t<\/div>\n\t\t\t\t<\/div>\n\t\t\t\t<div class=\"elementor-element elementor-element-165623b elementor-absolute float-bob-x elementor-hidden-tablet elementor-hidden-mobile elementor-widget elementor-widget-image\" data-id=\"165623b\" data-element_type=\"widget\" data-settings=\"{&quot;_position&quot;:&quot;absolute&quot;}\" data-widget_type=\"image.default\">\n\t\t\t\t<div class=\"elementor-widget-container\">\n\t\t\t\t\t\t\t\t\t\t\t\t\t<img loading=\"lazy\" decoding=\"async\" width=\"60\" height=\"61\" src=\"https:\/\/claro-kabinet.hr\/PROBA\/wp-content\/uploads\/2024\/05\/shape-2.png\" class=\"attachment-large size-large wp-image-111\" alt=\"\" \/>\t\t\t\t\t\t\t\t\t\t\t\t\t<\/div>\n\t\t\t\t<\/div>\n\t\t<div class=\"elementor-element elementor-element-fd93f4a e-con-full e-flex e-con e-child\" data-id=\"fd93f4a\" data-element_type=\"container\">\n\t\t\t\t<div class=\"elementor-element elementor-element-6a9bf90 elementor-widget elementor-widget-image\" data-id=\"6a9bf90\" data-element_type=\"widget\" data-widget_type=\"image.default\">\n\t\t\t\t<div class=\"elementor-widget-container\">\n\t\t\t\t\t\t\t\t\t\t\t\t\t<img loading=\"lazy\" decoding=\"async\" width=\"668\" height=\"584\" src=\"https:\/\/claro-kabinet.hr\/PROBA\/wp-content\/uploads\/2024\/11\/usluga3.png\" class=\"attachment-large size-large wp-image-1740\" alt=\"\" srcset=\"https:\/\/claro-kabinet.hr\/PROBA\/wp-content\/uploads\/2024\/11\/usluga3.png 668w, https:\/\/claro-kabinet.hr\/PROBA\/wp-content\/uploads\/2024\/11\/usluga3-300x262.png 300w\" sizes=\"(max-width: 668px) 100vw, 668px\" \/>\t\t\t\t\t\t\t\t\t\t\t\t\t<\/div>\n\t\t\t\t<\/div>\n\t\t\t\t<\/div>\n\t\t<div class=\"elementor-element elementor-element-ab33527 e-con-full e-flex e-con e-child\" data-id=\"ab33527\" data-element_type=\"container\">\n\t\t\t\t<div class=\"elementor-element elementor-element-6f80cf5 elementor-widget elementor-widget-heading\" data-id=\"6f80cf5\" data-element_type=\"widget\" data-widget_type=\"heading.default\">\n\t\t\t\t<div class=\"elementor-widget-container\">\n\t\t\t<h2 class=\"elementor-heading-title elementor-size-default\">Savjetovanje<\/h2>\t\t<\/div>\n\t\t\t\t<\/div>\n\t\t\t\t<div class=\"elementor-element elementor-element-0d16ef9 elementor-widget elementor-widget-text-editor\" data-id=\"0d16ef9\" data-element_type=\"widget\" data-widget_type=\"text-editor.default\">\n\t\t\t\t<div class=\"elementor-widget-container\">\n\t\t\t\t\t\t\t<p>Savjetovanje se provodi s roditeljima djece koja nisu direktno uklju\u010dena u terapiju.<\/p><p>Uloga roditelja vrlo je va\u017ena, posebice u ranom periodu, jer su oni naj\u010de\u0161\u0107e ti koji primjete odstupanja u djetetom komunikacijsko-jezi\u010dno-govornom razvoju. \u010cesto roditelji nisu sigurni radi li se o ka\u0161njenju ili atipi\u010dnostima u djetetom razvoju stoga je va\u017eno informirati ih o normama urednog jezi\u010dno-govornog razvoja te uklju\u010diti u logopedsku terapiju ukoliko je ista potrebna.<\/p>\t\t\t\t\t\t<\/div>\n\t\t\t\t<\/div>\n\t\t\t\t<div class=\"elementor-element elementor-element-a443398 elementor-hidden-tablet elementor-hidden-mobile elementor-widget-divider--view-line elementor-widget elementor-widget-divider\" data-id=\"a443398\" data-element_type=\"widget\" data-widget_type=\"divider.default\">\n\t\t\t\t<div class=\"elementor-widget-container\">\n\t\t\t\t\t<div class=\"elementor-divider\">\n\t\t\t<span class=\"elementor-divider-separator\">\n\t\t\t\t\t\t<\/span>\n\t\t<\/div>\n\t\t\t\t<\/div>\n\t\t\t\t<\/div>\n\t\t\t\t<div class=\"elementor-element elementor-element-a6eeba1 elementor-widget elementor-widget-heading\" data-id=\"a6eeba1\" data-element_type=\"widget\" data-widget_type=\"heading.default\">\n\t\t\t\t<div class=\"elementor-widget-container\">\n\t\t\t<span class=\"elementor-heading-title elementor-size-default\">Cijena usluge - 35\u20ac<\/span>\t\t<\/div>\n\t\t\t\t<\/div>\n\t\t\t\t<\/div>\n\t\t\t\t\t<\/div>\n\t\t\t\t<\/div>\n\t\t\t\t<\/div>\n\t\t","protected":false},"excerpt":{"rendered":"<p>Logopedska procjena Logopedska procjena provodi se u trajanju od 60-120 minuta, ovisno o djetetovim te\u0161ko\u0107ama. Tijekom procjene logoped uzima anamnesti\u010dke podatke o djetetu te se provode standardizirani testovi i neformalni dijagnosti\u010dki materijali. Nakon provedene procjene roditelj dobiva pisani nalaz uz savjetovanje o eventualnom uklju\u010divanju u logopedsku terapiju te savjete za rad kod ku\u0107e. Procjena mo\u017ee<\/p>\n","protected":false},"author":1,"featured_media":0,"parent":0,"menu_order":0,"comment_status":"closed","ping_status":"closed","template":"elementor_header_footer","meta":{"footnotes":""},"class_list":["post-1419","page","type-page","status-publish","hentry"],"_links":{"self":[{"href":"https:\/\/claro-kabinet.hr\/PROBA\/wp-json\/wp\/v2\/pages\/1419","targetHints":{"allow":["GET"]}}],"collection":[{"href":"https:\/\/claro-kabinet.hr\/PROBA\/wp-json\/wp\/v2\/pages"}],"about":[{"href":"https:\/\/claro-kabinet.hr\/PROBA\/wp-json\/wp\/v2\/types\/page"}],"author":[{"embeddable":true,"href":"https:\/\/claro-kabinet.hr\/PROBA\/wp-json\/wp\/v2\/users\/1"}],"replies":[{"embeddable":true,"href":"https:\/\/claro-kabinet.hr\/PROBA\/wp-json\/wp\/v2\/comments?post=1419"}],"version-history":[{"count":17,"href":"https:\/\/claro-kabinet.hr\/PROBA\/wp-json\/wp\/v2\/pages\/1419\/revisions"}],"predecessor-version":[{"id":1753,"href":"https:\/\/claro-kabinet.hr\/PROBA\/wp-json\/wp\/v2\/pages\/1419\/revisions\/1753"}],"wp:attachment":[{"href":"https:\/\/claro-kabinet.hr\/PROBA\/wp-json\/wp\/v2\/media?parent=1419"}],"curies":[{"name":"wp","href":"https:\/\/api.w.org\/{rel}","templated":true}]}}